{"id":3,"date":"2024-09-05T05:34:48","date_gmt":"2024-09-05T03:34:48","guid":{"rendered":"https:\/\/otrzymajdotacje.pl\/?page_id=3"},"modified":"2025-04-07T17:36:38","modified_gmt":"2025-04-07T15:36:38","slug":"polityka-prywatnosci","status":"publish","type":"page","link":"https:\/\/otrzymajdotacje.pl\/?page_id=3","title":{"rendered":"Polityka prywatno\u015bci"},"content":{"rendered":"\n<p><strong>Niniejsza Polityka<\/strong> stanowi podstawow\u0105 informacj\u0119 o celach, sposobach przetwarzania&nbsp;<br>oraz bezpiecze\u0144stwie Twoich danych osobowych, jako u\u017cytkownika strony:&nbsp;<br>graphicline.pl (zwanej dalej Stron\u0105). Zapoznaj\u0105c si\u0119 z Polityk\u0105 prywatno\u015bci dowiesz si\u0119&nbsp;<br>kto jest administratorem Twoich danych osobowych, jakie dane osobowe s\u0105 przez&nbsp;<br>Stron\u0119 zbierane, w jakich celach s\u0105 wykorzystywane oraz jak s\u0105 chronione.&nbsp;<\/p>\n\n\n\n<p>1. Informacje podstawowe.\u00a0<br>Administratorem Twoich danych osobowych jest: Vaspero sp. z.o.o z siedzib\u0105 w Warszawie 02-677, ul. Cybernetyki 19A, NIP: 5214047763<br>Kontakt z Administratorem jest mo\u017cliwy za po\u015brednictwem:\u00a0<br>poczty e-mail: kontakt@rgame.pl<br>telefonicznie: 732 499 848\u00a0<\/p>\n\n\n\n<p>2. Zasady przetwarzania danych.&nbsp;<br>Administrator przetwarza dane osobowe z poszanowaniem nast\u0119puj\u0105cych zasad:&nbsp;<br>w oparciu o podstaw\u0119 prawn\u0105 i zgodnie z prawem (legalizm);&nbsp;<br>rzetelnie i uczciwie (rzetelno\u015b\u0107);&nbsp;<br>w spos\u00f3b przejrzysty dla osoby, kt\u00f3rej dane dotycz\u0105 (transparentno\u015b\u0107);&nbsp;<br>w konkretnych celach i nie \u201ena zapas\u201d (minimalizacja);&nbsp;<br>nie wi\u0119cej ni\u017c potrzeba (adekwatno\u015b\u0107);&nbsp;<br>z dba\u0142o\u015bci\u0105 o prawid\u0142owo\u015b\u0107 danych (prawid\u0142owo\u015b\u0107);&nbsp;<br>nie d\u0142u\u017cej ni\u017c potrzeba (czasowo\u015b\u0107);&nbsp;<br>zapewniaj\u0105c odpowiednie bezpiecze\u0144stwo danych (bezpiecze\u0144stwo).&nbsp;<\/p>\n\n\n\n<p>3. Cele, podstawy prawne i zakres przetwarzania danych.&nbsp;<br>Twoje dane b\u0119dziemy przetwarza\u0107:&nbsp;<br>w celach kontaktowych, aby udzieli\u0107 ci odpowiedzi na Twoj\u0105 wiadomo\u015b\u0107 przes\u0142an\u0105 nam&nbsp;<br>bezpo\u015brednio drog\u0105 e-mailow\u0105 lub za po\u015brednictwem formularza na podstawie&nbsp;<br>realizacji prawnie uzasadnionego interesu Administratora zwi\u0105zanego z konieczno\u015bci\u0105&nbsp;<br>udzielenia Ci odpowiedzi.&nbsp;<br>w celach technicznych przy u\u017cyciu plik\u00f3w cookies (ciasteczka techniczne), na&nbsp;<br>podstawie realizacji prawnie uzasadnionego interesu Administratora zwi\u0105zanego z&nbsp;<br>prawid\u0142owym dzia\u0142aniem i funkcjonowaniem Strony.&nbsp;<br>w celach statystycznych i analitycznych, je\u015bli wyrazi\u0142e\u015b zgod\u0119 na wykorzystanie przez&nbsp;<br>nas plik\u00f3w cookies do cel\u00f3w analitycznych (ciasteczka analityczne).&nbsp;<br>w celach marketingowych, je\u015bli wyrazi\u0142e\u015b zgod\u0119 na wykorzystanie przez nas plik\u00f3w&nbsp;<br>cookies do cel\u00f3w marketingowych (ciasteczka marketingowe)&nbsp;<br>w celach zwi\u0105zanych z prowadzeniem przez nas profilu firmowego w mediach&nbsp;<br>spo\u0142eczno\u015bciowych (takich jak Facebook \/ Instagram) na zasadach okre\u015blonych przez&nbsp;<br>w\u0142a\u015bcicieli danego medium (portalu) i informowania w nim o naszych produktach,&nbsp;<br>promocjach i innych wiadomo\u015bciach dotycz\u0105cych naszej dzia\u0142alno\u015bci, co uwa\u017camy za&nbsp;<br>nasz prawnie uzasadniony interes,&nbsp;<br>Przetwarzamy Twoje dane w zakresie:&nbsp;<br>je\u015bli prze\u015blesz nam wiadomo\u015b\u0107 e-mail to b\u0119dziemy przetwarza\u0107 dane, kt\u00f3re b\u0119d\u0105 w niej&nbsp;<br>zawarte. Przekazanie nam danych w e-mailu nast\u0119puje dobrowolnie. W ka\u017cdym czasie&nbsp;<br>mo\u017cesz zwr\u00f3ci\u0107 si\u0119 do nas z pro\u015bb\u0105 o usuni\u0119cie tych danych.&nbsp;<br>je\u015bli skorzysta\u0107 z formularza kontaktowego na naszej stronie to b\u0119dziemy przetwarza\u0107&nbsp;<br>dane w postaci twojego adresu e-mail oraz imienia. Podanie tych danych stanowi&nbsp;<br>warunek udzielenia przez nas odpowiedzi na Twoje zapytanie.&nbsp;<br>pozosta\u0142e dane, kt\u00f3re Administrator przetwarza to adres IP i inne dane zapisywane w&nbsp;<br>plikach cookies. To Ty decydujesz w jakim zakresie b\u0119dziemy mogli wykorzysta\u0107 pliki&nbsp;<br>cookies z Twoimi danymi. Przekazanie nam danych w ten spos\u00f3b nast\u0119puje&nbsp;<br>dobrowolnie. W ka\u017cdym czasie mo\u017cesz zmieni\u0107 swoje preferencje. Mo\u017cesz to zrobi\u0107 w&nbsp;<br>swojej przegl\u0105darce internetowej lub te\u017c po usuni\u0119ciu zapisanych plik\u00f3w cookies&nbsp;<br>pochodz\u0105cych z naszej Strony.&nbsp;<br>je\u015bli polubisz lub w inny spos\u00f3b do\u0142\u0105czysz do naszego profilu w mediach&nbsp;<br>spo\u0142eczno\u015bciowych (np. Facebook) b\u0119dziemy przetwarza\u0107 Twoje dane, kt\u00f3re poda\u0142e\u015b w&nbsp;<br>danym medium i do kt\u00f3rych b\u0119dziemy mieli dost\u0119p. W celu zako\u0144czenia przetwarzania&nbsp;<br>mo\u017cesz zako\u0144czy\u0107 subskrypcj\u0119 naszego profilu.&nbsp;<br>API zewn\u0119trznych partner\u00f3w: Nasza strona mo\u017ce korzysta\u0107 z API (interfejs\u00f3w&nbsp;<br>programistycznych aplikacji) dostarczanych przez zewn\u0119trznych partner\u00f3w w celu&nbsp;<br>zintegrowania r\u00f3\u017cnych funkcjonalno\u015bci, takich jak mapy, us\u0142ugi analityczne, reklamowe&nbsp;<br>czy media spo\u0142eczno\u015bciowe. Korzystanie z tych API mo\u017ce prowadzi\u0107 do tworzenia&nbsp;<br>dodatkowych ciasteczek lub korzystania z istniej\u0105cych ciasteczek w celu przetwarzania&nbsp;<br>danych u\u017cytkownik\u00f3w. Zewn\u0119trzni partnerzy mog\u0105 przechowywa\u0107 i przetwarza\u0107 te dane&nbsp;<br>zgodnie z w\u0142asnymi politykami prywatno\u015bci.&nbsp;<\/p>\n\n\n\n<p>4. Odbiorcy danych oraz zamiar przekazywania danych do Pa\u0144stwa spoza EOG lub&nbsp;<br>organizacji mi\u0119dzynarodowej.&nbsp;<br>Odbiorcami Twoich danych osobowych s\u0105:&nbsp;<br>je\u015bli wyrazi\u0142e\u015b zgod\u0119 na ciasteczka marketingowe, Twoje dane zapisane w plikach&nbsp;<br>cookies, b\u0119d\u0105 przekazane do naszych partner\u00f3w reklamowych.&nbsp;<br>je\u015bli wyrazi\u0142e\u015b zgod\u0119 na ciasteczka analityczne, Twoje dane zapisane w plikach cookies,&nbsp;<br>b\u0119d\u0105 przetwarzane przez podmiot dostarczaj\u0105cy oprogramowanie do analizy ruchu&nbsp;<br>naszej stronie (np. Google Analytics)&nbsp;<\/p>\n\n\n\n<p>Twoje dane nie s\u0105 przekazywane do Pa\u0144stw spoza EOG lub organizacji&nbsp;<br>mi\u0119dzynarodowych, z wyj\u0105tkiem partner\u00f3w wymienionych poni\u017cej:&nbsp;<\/p>\n\n\n\n<p>1) Google Inc. z siedzib\u0105 w USA w zakresie analityki ruchu na stronie w systemie Google&nbsp;<br>Analytics oraz dostarczania dodatkowych funkcji (takich jak Google Maps, Google&nbsp;<br>Search Console) zwi\u0105zanych z prawid\u0142owym funkcjonowaniem strony oraz&nbsp;<br>wy\u015bwietlaniem wynik\u00f3w wyszukiwania. Zobacz jak Google przetwarza i chroni Twoje&nbsp;<br>dane. Ten dodatek do przegl\u0105darki umo\u017cliwi Ci zarz\u0105dzanie zakresem i poziomem&nbsp;<br>dost\u0119pu do danych zbieranych przez Google Analytics.&nbsp;<\/p>\n\n\n\n<p>2) Google Inc. z siedzib\u0105 w USA w zakresie reklam i mierzenia ich skuteczno\u015bci w&nbsp;<br>systemie Google Ads. Zobacz jak Google przetwarza i chroni Twoje dane. Tutaj mo\u017cesz&nbsp;<br>zarz\u0105dza\u0107 swoimi preferencjami i informacjami w systemie reklamowym Google.&nbsp;<\/p>\n\n\n\n<p>3) Facebook Inc. z siedzib\u0105 w USA w zakresie obs\u0142ugi konta i dost\u0119pu do danych w&nbsp;<br>serwisach spo\u0142eczno\u015bciowych (Facebook, Instagram), reklam i mierzenia ich&nbsp;<br>skuteczno\u015bci zwi\u0105zanych z instalacj\u0105 na stronie piksela Facebooka oraz API Konwersji.&nbsp;<br>Zobacz jak Facebook przetwarza i chroni Twoje dane.&nbsp;<\/p>\n\n\n\n<p>5. Termin przechowywania danych.&nbsp;<br>Twoje dane b\u0119d\u0105 przechowywane w naszych bazach danych przez okres 5 lat. Je\u015bli&nbsp;<br>przekaza\u0142e\u015b nam swoje dane w formularzu lub wiadomo\u015bci e-mail w celach&nbsp;<br>kontaktowych to Twoje dane b\u0119dziemy przetwarza\u0107 do momentu z\u0142o\u017cenia przez Ciebie&nbsp;<br>\u017c\u0105dania usuni\u0119cia tych danych lub sprzeciwu wobec przetwarzania, ale r\u00f3wnie\u017c w&nbsp;<br>przypadku, w kt\u00f3rym uznamy, \u017ce zrealizowali\u015bmy prawnie uzasadniony interes&nbsp;<br>Administratora.&nbsp;<\/p>\n\n\n\n<p>6. Prawa u\u017cytkownik\u00f3w.&nbsp;<br>W zwi\u0105zku z przetwarzaniem Twoich danych przys\u0142uguj\u0105 Ci nast\u0119puj\u0105ce prawa:&nbsp;<br>dost\u0119pu do tre\u015bci swoich danych oraz&nbsp;<br>prawo ich sprostowania, usuni\u0119cia, ograniczenia przetwarzania,&nbsp;<br>prawo do przenoszenia danych,&nbsp;<br>prawo wniesienia sprzeciwu,&nbsp;<br>prawo do cofni\u0119cia zgody na ich przetwarzanie w dowolnym momencie i w dowolnej&nbsp;<br>formie, chyba \u017ce przetwarzanie Pa\u0144stwa danych odbywa si\u0119 w celu wykonywania&nbsp;<br>umowy przez Administratora, w celu wywi\u0105zania si\u0119 przez Administratora z obowi\u0105zk\u00f3w&nbsp;<br>prawnych wzgl\u0119dem instytucji pa\u0144stwowych lub w celu realizacji prawnie&nbsp;<br>uzasadnionych interes\u00f3w Administratora.&nbsp;<br>Masz tak\u017ce prawo wniesienia skargi do Prezesa Urz\u0119du Ochrony Danych Osobowych&nbsp;<br>(na adres Urz\u0119du Ochrony Danych Osobowych, ul. Stawki 2, 00-193 Warszawa).&nbsp;<br>Wi\u0119cej informacji w przedmiocie ochrony danych osobowych mog\u0105 Pa\u0144stwo otrzyma\u0107&nbsp;<br>na stronie internetowej Urz\u0119du Ochrony Danych Osobowych: uodo.gov.pl&nbsp;<\/p>\n\n\n\n<p>7. Informacja o ciasteczkach&nbsp;<br>Na naszej stronie wykorzystujemy ciasteczka (pliki cookies).&nbsp;<br>Ciasteczka (pliki cookies) s\u0105 niewielkimi plikami tekstowymi przechowywanymi na&nbsp;<br>urz\u0105dzeniach u\u017cytkownik\u00f3w podczas przegl\u0105dania strony internetowej. S\u0105 one&nbsp;<br>wykorzystywane w celu u\u0142atwienia korzystania z naszej strony, poprawienia jako\u015bci&nbsp;<br>us\u0142ug oraz umo\u017cliwienia analizy ruchu i zachowa\u0144 u\u017cytkownik\u00f3w.&nbsp;<br>Ciasteczka mog\u0105 by\u0107 sta\u0142e (trwa\u0142e) lub tymczasowe (sesyjne). Sta\u0142e ciasteczka s\u0105&nbsp;<br>przechowywane na urz\u0105dzeniu u\u017cytkownika przez okre\u015blony czas lub do momentu ich&nbsp;<br>usuni\u0119cia przez u\u017cytkownika. Tymczasowe ciasteczka s\u0105 usuwane po zamkni\u0119ciu&nbsp;<br>przegl\u0105darki.&nbsp;<br>Wykorzystujemy ciasteczka w\u0142asne oraz ciasteczka stron trzecich. Ciasteczka w\u0142asne&nbsp;<br>s\u0105 wykorzystywane w celu zapewnienia prawid\u0142owego dzia\u0142ania strony, personalizacji&nbsp;<br>tre\u015bci, zapisywania preferencji u\u017cytkownik\u00f3w oraz analizy statystyk. Ciasteczka stron&nbsp;<br>trzecich s\u0105 wykorzystywane przez zewn\u0119trzne narz\u0119dzia analityczne, reklamowe oraz&nbsp;<br>do integracji z mediami spo\u0142eczno\u015bciowymi.&nbsp;<br>U\u017cytkownicy maj\u0105 prawo kontrolowa\u0107 i ogranicza\u0107 spos\u00f3b, w jaki ciasteczka s\u0105&nbsp;<br>wykorzystywane na naszej stronie. Wi\u0119kszo\u015b\u0107 przegl\u0105darek internetowych umo\u017cliwia&nbsp;<br>zarz\u0105dzanie plikami cookies, w tym blokowanie, ograniczanie lub usuwanie ciasteczek.&nbsp;<br>Szczeg\u00f3\u0142owe informacje na temat zarz\u0105dzania ciasteczkami mo\u017cna znale\u017a\u0107 w&nbsp;<br>ustawieniach przegl\u0105darki u\u017cytkownika.&nbsp;<br>Nale\u017cy pami\u0119ta\u0107, \u017ce wy\u0142\u0105czenie lub ograniczenie ciasteczek mo\u017ce wp\u0142yn\u0105\u0107 na&nbsp;<br>funkcjonalno\u015b\u0107 strony oraz jako\u015b\u0107 \u015bwiadczonych us\u0142ug.&nbsp;<br>Na naszej stronie wykorzystujemy r\u00f3\u017cne rodzaje ciasteczek, aby lepiej dostosowa\u0107 si\u0119&nbsp;<br>do potrzeb u\u017cytkownik\u00f3w i zapewni\u0107 optymalne korzystanie ze strony.&nbsp;<br>Ciasteczka techniczne: S\u0105 niezb\u0119dne do prawid\u0142owego funkcjonowania witryny.&nbsp;<br>Umo\u017cliwiaj\u0105 utrzymanie sesji u\u017cytkownika, obs\u0142ug\u0119 formularzy, zapami\u0119tywanie&nbsp;<br>preferencji oraz zapewnienie bezpiecze\u0144stwa strony.&nbsp;<br>Ciasteczka marketingowe: Pozwalaj\u0105 na personalizacj\u0119 reklam oraz prowadzenie&nbsp;<br>dzia\u0142a\u0144 remarketingowych, kt\u00f3re s\u0105 dostosowane do zainteresowa\u0144 i preferencji&nbsp;<br>u\u017cytkownik\u00f3w. S\u0142u\u017c\u0105 r\u00f3wnie\u017c do mierzenia skuteczno\u015bci kampanii reklamowych oraz&nbsp;<br>optymalizacji tre\u015bci reklamowych.&nbsp;<br>Ciasteczka analityczne: S\u0105 wykorzystywane do zbierania informacji o sposobie&nbsp;<br>korzystania z witryny przez u\u017cytkownik\u00f3w, takich jak liczba odwiedzin, strony&nbsp;<br>odwiedzane, czas sp\u0119dzony na stronie czy \u017ar\u00f3d\u0142o ruchu. Uzyskane dane pomagaj\u0105 w&nbsp;<br>analizie i optymalizacji strony, poprawiaj\u0105c jej funkcjonowanie i dostosowuj\u0105c tre\u015bci dopotrzeb u\u017cytkownik\u00f3w.&nbsp;<\/p>\n\n\n\n<p>8. Dlaczego korzystamy z ciasteczek?&nbsp;<br>Komfort korzystania ze strony: Ciasteczka (pliki cookies) mog\u0105 znacz\u0105co wp\u0142yn\u0105\u0107 na&nbsp;<br>komfort korzystania ze strony internetowej.&nbsp;<br>Personalizacja tre\u015bci: Ciasteczka pozwalaj\u0105 na dostosowanie wy\u015bwietlanych tre\u015bci do&nbsp;<br>preferencji i zainteresowa\u0144 u\u017cytkownika, co sprawia, \u017ce strona staje si\u0119 bardziej&nbsp;<br>atrakcyjna i u\u017cyteczna.&nbsp;<br>Zapami\u0119tywanie ustawie\u0144: Dzi\u0119ki ciasteczkom strona mo\u017ce zapami\u0119ta\u0107 wybrane przez&nbsp;<br>u\u017cytkownika ustawienia, takie jak j\u0119zyk, uk\u0142ad czy kolorystyka, co pozwala na szybsze i&nbsp;<br>wygodniejsze korzystanie z serwisu.&nbsp;<br>Logowanie: Ciasteczka umo\u017cliwiaj\u0105 przechowywanie informacji o zalogowanym&nbsp;<br>u\u017cytkowniku, co pozwala na \u0142atwe prze\u0142\u0105czanie si\u0119 mi\u0119dzy r\u00f3\u017cnymi sekcjami strony bez&nbsp;<br>konieczno\u015bci ponownego logowania.&nbsp;<br>Utrzymanie sesji: Dzi\u0119ki ciasteczkom strona mo\u017ce \u015bledzi\u0107 aktywno\u015b\u0107 u\u017cytkownika na&nbsp;<br>r\u00f3\u017cnych podstronach, co pozwala na \u0142atwe wracanie do ostatnio odwiedzanych sekcji&nbsp;<br>lub kontynuowanie niedoko\u0144czonych dzia\u0142a\u0144, takich jak wype\u0142nianie formularzy.&nbsp;<br>Optymalizacja wydajno\u015bci: Ciasteczka mog\u0105 by\u0107 wykorzystane do analizy ruchu i&nbsp;<br>zachowa\u0144 u\u017cytkownik\u00f3w na stronie, co pomaga w optymalizacji jej wydajno\u015bci oraz&nbsp;<br>dostarczaniu tre\u015bci o wysokiej jako\u015bci.&nbsp;<br>Reklamy: Ciasteczka umo\u017cliwiaj\u0105 wy\u015bwietlanie spersonalizowanych reklam, kt\u00f3re s\u0105&nbsp;<br>dopasowane do zainteresowa\u0144 i potrzeb u\u017cytkownika. Dzi\u0119ki temu, reklamy s\u0105 mniej&nbsp;<br>inwazyjne i bardziej adekwatne.&nbsp;<br>Integracja z mediami spo\u0142eczno\u015bciowymi: Ciasteczka pozwalaj\u0105 na integracj\u0119 z&nbsp;<br>serwisami spo\u0142eczno\u015bciowymi, takimi jak Facebook, Twitter czy Instagram, co&nbsp;<br>umo\u017cliwia \u0142atwe udost\u0119pnianie tre\u015bci oraz korzystanie z dodatkowych funkcji, takich jak&nbsp;<br>komentowanie czy polubienia.&nbsp;<\/p>\n\n\n\n<p>9 Funkcje ciasteczek technicznych&nbsp;<br>Utrzymanie sesji u\u017cytkownika: Ciasteczka techniczne umo\u017cliwiaj\u0105 utrzymanie sesji&nbsp;<br>u\u017cytkownika podczas poruszania si\u0119 po stronie, co pozwala na przechodzenie mi\u0119dzy&nbsp;<br>r\u00f3\u017cnymi sekcjami witryny bez konieczno\u015bci ponownego logowania czy wprowadzania&nbsp;<br>tych samych informacji.&nbsp;<br>Zapami\u0119tywanie preferencji u\u017cytkownika: Dzi\u0119ki ciasteczkom technicznym strona mo\u017ce&nbsp;<br>przechowywa\u0107 informacje na temat preferencji u\u017cytkownik\u00f3w, takie jak wybrany j\u0119zyk,&nbsp;<br>wielko\u015b\u0107 czcionki, ustawienia kolorystyczne czy inne elementy personalizacji.&nbsp;<br>Obs\u0142uga formularzy: Ciasteczka techniczne wspomagaj\u0105 funkcjonowanie formularzy na&nbsp;<br>stronie, takich jak formularze logowania, rejestracji czy kontaktowe, zapewniaj\u0105c&nbsp;<br>prawid\u0142owe przetwarzanie danych wprowadzanych przez u\u017cytkownik\u00f3w.&nbsp;<br>Optymalizacja wydajno\u015bci strony: U\u017cycie ciasteczek technicznych umo\u017cliwia&nbsp;<br>monitorowanie wydajno\u015bci strony oraz szybko\u015b\u0107 \u0142adowania poszczeg\u00f3lnych&nbsp;<br>element\u00f3w, co pozwala na optymalizacj\u0119 i popraw\u0119 jako\u015bci \u015bwiadczonych us\u0142ug.&nbsp;<br>Bezpiecze\u0144stwo: Ciasteczka techniczne pomagaj\u0105 w zapewnieniu bezpiecze\u0144stwa&nbsp;<br>witryny i jej u\u017cytkownik\u00f3w, na przyk\u0142ad poprzez weryfikacj\u0119 to\u017csamo\u015bci u\u017cytkownik\u00f3w,&nbsp;<br>wykrywanie pr\u00f3b w\u0142ama\u0144 czy ochron\u0119 przed atakami typu CSRF (Cross-Site Request&nbsp;<br>Forgery).&nbsp;<\/p>\n\n\n\n<p>10. Funkcje ciasteczek analitycznych&nbsp;<br>Pomiar ruchu na stronie: Ciasteczka analityczne pozwalaj\u0105 na monitorowanie liczby&nbsp;<br>odwiedzin, unikalnych u\u017cytkownik\u00f3w i wy\u015bwietle\u0144 stron, co daje og\u00f3lny obraz&nbsp;<br>popularno\u015bci i wydajno\u015bci witryny.&nbsp;<br>Analiza zachowa\u0144 u\u017cytkownik\u00f3w: Dzi\u0119ki ciasteczkom analitycznym mo\u017cna zbiera\u0107&nbsp;<br>informacje o sposobie, w jaki u\u017cytkownicy poruszaj\u0105 si\u0119 po stronie, na przyk\u0142ad czas&nbsp;<br>sp\u0119dzony na poszczeg\u00f3lnych podstronach, \u015bcie\u017cki nawigacji oraz miejsca, w kt\u00f3rych&nbsp;<br>opuszczaj\u0105 witryn\u0119.&nbsp;<br>Optymalizacja konwersji: Ciasteczka analityczne pomagaj\u0105 w identyfikowaniu&nbsp;<br>element\u00f3w strony, kt\u00f3re wp\u0142ywaj\u0105 na skuteczno\u015b\u0107 osi\u0105gania cel\u00f3w biznesowych,&nbsp;<br>takich jak rejestracja, z\u0142o\u017cenie zam\u00f3wienia czy wype\u0142nienie formularza kontaktowego.&nbsp;<br>Segmentacja u\u017cytkownik\u00f3w: U\u017cycie ciasteczek analitycznych umo\u017cliwia grupowanie&nbsp;<br>u\u017cytkownik\u00f3w wed\u0142ug r\u00f3\u017cnych kryteri\u00f3w co pozwala na lepsze dostosowanie tre\u015bci i&nbsp;<br>oferty do potrzeb poszczeg\u00f3lnych segment\u00f3w.&nbsp;<br>Testowanie A\/B: Ciasteczka analityczne s\u0105 wykorzystywane do przeprowadzania test\u00f3w&nbsp;<br>A\/B, kt\u00f3re polegaj\u0105 na por\u00f3wnaniu dw\u00f3ch wersji strony internetowej, aby sprawdzi\u0107,&nbsp;<br>kt\u00f3ra z nich lepiej spe\u0142nia za\u0142o\u017cone cele. Testy te pomagaj\u0105 w optymalizacji wygl\u0105du,&nbsp;<br>funkcjonalno\u015bci i tre\u015bci witryny.&nbsp;<\/p>\n\n\n\n<p>11. Funkcje ciasteczek reklamowych&nbsp;<br>Spersonalizowane reklamy: Ciasteczka marketingowe umo\u017cliwiaj\u0105 wy\u015bwietlanie reklam&nbsp;<br>dopasowanych do zainteresowa\u0144, preferencji i historii przegl\u0105dania u\u017cytkownika, co&nbsp;<br>sprawia, \u017ce s\u0105 one bardziej atrakcyjne i efektywne.&nbsp;<br>Remarketing: Dzi\u0119ki ciasteczkom marketingowym mo\u017cna \u015bledzi\u0107 u\u017cytkownik\u00f3w, kt\u00f3rzy&nbsp;<br>odwiedzili witryn\u0119, ale nie dokonali zakupu lub innej akcji, i ponownie kierowa\u0107 do nich&nbsp;<br>reklamy, aby zach\u0119ci\u0107 do powrotu na stron\u0119 i finalizacji transakcji.&nbsp;<br>Pomiar skuteczno\u015bci reklam: Ciasteczka marketingowe pozwalaj\u0105 na monitorowanie&nbsp;<br>wynik\u00f3w kampanii reklamowych, takich jak liczba klikni\u0119\u0107, konwersji czy wy\u015bwietle\u0144,&nbsp;<br>co umo\u017cliwia optymalizacj\u0119 strategii marketingowej.&nbsp;<br>Zarz\u0105dzanie reklamami w wielu kana\u0142ach: U\u017cycie ciasteczek marketingowych u\u0142atwia&nbsp;<br>koordynacj\u0119 i integracj\u0119 dzia\u0142a\u0144 reklamowych prowadzonych w r\u00f3\u017cnych kana\u0142ach,&nbsp;<br>takich jak wyszukiwarki, media spo\u0142eczno\u015bciowe czy strony partnerskie.&nbsp;<br>Testowanie i optymalizacja tre\u015bci reklamowych: Ciasteczka marketingowe s\u0105&nbsp;<br>wykorzystywane do przeprowadzania test\u00f3w A\/B oraz innych metod analizy, kt\u00f3re&nbsp;<br>pozwalaj\u0105 na ocen\u0119, jakie przekazy, formaty czy kreatywno\u015bci reklamowe s\u0105 najbardziej&nbsp;<br>skuteczne i anga\u017cuj\u0105ce dla u\u017cytkownik\u00f3w.&nbsp;<\/p>\n","protected":false},"excerpt":{"rendered":"<p>Niniejsza Polityka stanowi podstawow\u0105 informacj\u0119 o celach, sposobach przetwarzania&nbsp;oraz bezpiecze\u0144stwie Twoich danych osobowych, jako u\u017cytkownika strony:&nbsp;graphicline.pl (zwanej dalej Stron\u0105). Zapoznaj\u0105c si\u0119 z Polityk\u0105 prywatno\u015bci dowiesz si\u0119&nbsp;kto jest administratorem Twoich danych osobowych, jakie dane osobowe s\u0105 przez&nbsp;Stron\u0119 zbierane, w jakich celach s\u0105 wykorzystywane oraz jak s\u0105 chronione.&nbsp; 1. Informacje podstawowe.\u00a0Administratorem Twoich [&hellip;]<\/p>\n","protected":false},"author":1,"featured_media":203,"parent":0,"menu_order":0,"comment_status":"closed","ping_status":"open","template":"","meta":{"footnotes":""},"class_list":["post-3","page","type-page","status-publish","has-post-thumbnail","hentry"],"_links":{"self":[{"href":"https:\/\/otrzymajdotacje.pl\/index.php?rest_route=\/wp\/v2\/pages\/3","targetHints":{"allow":["GET"]}}],"collection":[{"href":"https:\/\/otrzymajdotacje.pl\/index.php?rest_route=\/wp\/v2\/pages"}],"about":[{"href":"https:\/\/otrzymajdotacje.pl\/index.php?rest_route=\/wp\/v2\/types\/page"}],"author":[{"embeddable":true,"href":"https:\/\/otrzymajdotacje.pl\/index.php?rest_route=\/wp\/v2\/users\/1"}],"replies":[{"embeddable":true,"href":"https:\/\/otrzymajdotacje.pl\/index.php?rest_route=%2Fwp%2Fv2%2Fcomments&post=3"}],"version-history":[{"count":4,"href":"https:\/\/otrzymajdotacje.pl\/index.php?rest_route=\/wp\/v2\/pages\/3\/revisions"}],"predecessor-version":[{"id":566,"href":"https:\/\/otrzymajdotacje.pl\/index.php?rest_route=\/wp\/v2\/pages\/3\/revisions\/566"}],"wp:featuredmedia":[{"embeddable":true,"href":"https:\/\/otrzymajdotacje.pl\/index.php?rest_route=\/wp\/v2\/media\/203"}],"wp:attachment":[{"href":"https:\/\/otrzymajdotacje.pl\/index.php?rest_route=%2Fwp%2Fv2%2Fmedia&parent=3"}],"curies":[{"name":"wp","href":"https:\/\/api.w.org\/{rel}","templated":true}]}}